{"id":1672,"date":"2017-07-03T13:47:26","date_gmt":"2017-07-03T11:47:26","guid":{"rendered":"https:\/\/wefri.dk.upd.mtra.in\/landbrug\/"},"modified":"2024-08-26T08:38:47","modified_gmt":"2024-08-26T06:38:47","slug":"agriculture","status":"publish","type":"page","link":"https:\/\/wefri.dk.upd.mtra.in\/en\/explore\/agriculture\/","title":{"rendered":"Agriculture"},"content":{"rendered":"<div id=\"pl-1672\"  class=\"panel-layout\" ><div id=\"pg-1672-0\"  class=\"panel-grid panel-no-style\" ><div id=\"pgc-1672-0-0\"  class=\"panel-grid-cell\" ><div id=\"panel-1672-0-0-0\" class=\"so-panel widget widget_mtt-counter-banner panel-first-child panel-last-child\" data-index=\"0\" ><div\n\t\t\t\n\t\t\tclass=\"so-widget-mtt-counter-banner so-widget-mtt-counter-banner-base\"\n\t\t\t\n\t\t><div class=\"counter-banner\">\n\t<div class=\"counter-banner__background object-fit\">\n\t\t\t\t<img decoding=\"async\" src=\"https:\/\/wefri.dk.upd.mtra.in\/wp-content\/uploads\/2017\/07\/landbrug-wedellsborg-frijsenborg.jpg\" alt=\"\">\n\t<\/div>\n\t<div class=\"counter-banner__overlay\"><\/div>\n\t<div class=\"counter-banner__inner\">\n\t\t<div class=\"counter-banner__content dark-bg\">\n\t\t\t\t\t\t\t\t<h1>Landbrug<\/h1>\n\t\t\t\t<p>Wedellsborg og Frijsenborg udg\u00f8r \u00e9n stor, moderne land- og skovbrugsvirksomhed med nyt\u00e6nkende og nutidige v\u00e6rdier.<\/p>\n\t\t\t\t<a href=\"https:\/\/wefri.dk.upd.mtra.in\/udforsk\/frijsenborg-herregaardskyllinger\/\" class=\"button button--green-solid button--margin-right\">Frijsenborg Herreg\u00e5rdskyllinger<\/a>\n\t\t\t\t\t\t\t<a href=\"\/jobmuligheder\/?id=kultur\" class=\"button\">Vores v\u00e6rdier<\/a>\n\t\t\t\t\t<\/div>\n\t\t\t\t\t\t<div class=\"counter-banner__counter element-tracker\">\n\t\t\t\t\t<ul>\n\t\t\t\t\t\t\t\t\t\t\t\t\t<li>\n\t\t\t\t\t\t\t\t\t\t\t\t\t\t\t\t\t<span class=\"the-value\">\n\t\t\t\t\t\t\t\t\t\t<span class=\"the-number\">1400<\/span>\n\t\t\t\t\t\t\t\t\t\t\t\t\t\t\t\t\t\t\t<\/span>\n                                                                    \t\t\t\t\t\t\t\t\t<span>HA<\/span>\n\t\t\t\t\t\t\t\t\t\t\t\t\t\t\t\t\t<span>Frijsenborg<\/span>\n\t\t\t\t\t\t\t\t\t\t\t\t\t\t\t<\/li>\n\t\t\t\t\t\t\t\t\t\t\t\t\t<li>\n\t\t\t\t\t\t\t\t\t\t\t\t\t\t\t\t\t<span class=\"the-value\">\n\t\t\t\t\t\t\t\t\t\t<span class=\"the-number\">1700<\/span>\n\t\t\t\t\t\t\t\t\t\t\t\t\t\t\t\t\t\t\t<\/span>\n                                                                    \t\t\t\t\t\t\t\t\t<span>HA<\/span>\n\t\t\t\t\t\t\t\t\t\t\t\t\t\t\t\t\t<span>Wedellsborg<\/span>\n\t\t\t\t\t\t\t\t\t\t\t\t\t\t\t<\/li>\n\t\t\t\t\t\t\t\t\t\t\t\t\t<li>\n\t\t\t\t\t\t\t\t\t\t\t\t\t\t\t\t\t<span class=\"the-value\">\n\t\t\t\t\t\t\t\t\t\t<span class=\"the-number\">3100<\/span>\n\t\t\t\t\t\t\t\t\t\t\t\t\t\t\t\t\t\t\t<\/span>\n                                                                    \t\t\t\t\t\t\t\t\t<span>HA<\/span>\n\t\t\t\t\t\t\t\t\t\t\t\t\t\t\t\t\t<span>Samlet landbrugsareal<\/span>\n\t\t\t\t\t\t\t\t\t\t\t\t\t\t\t<\/li>\n\t\t\t\t\t\t\t\t\t\t\t<\/ul>\n\t\t\t\t<\/div>\n\t\t\t<\/div>\n<\/div>\n<\/div><\/div><\/div><\/div><div id=\"pg-1672-1\"  class=\"panel-grid panel-no-style\" ><div id=\"pgc-1672-1-0\"  class=\"panel-grid-cell\" ><div id=\"panel-1672-1-0-0\" class=\"so-panel widget widget_mtt-media-banner panel-first-child panel-last-child\" data-index=\"1\" ><div\n\t\t\t\n\t\t\tclass=\"so-widget-mtt-media-banner so-widget-mtt-media-banner-base\"\n\t\t\t\n\t\t><div class=\"media-banner\">\n\t<div class=\"media-banner__inner\">\n\t\t<div class=\"media-banner__item\">\n\t\t\t<div class=\"item-inner\">\n\t\t\t\t\t\t\t\t\t\t<h3>To slags landbrug med samme opbygning<\/h3>\n\t\t\t\t\t\t\t\t\t\t<a href=\"https:\/\/wefri.dk.upd.mtra.in\/historie\/\" class=\"button button--green\">L\u00e6s om vores historie<\/a>\n\t\t\t\t\t\t\t<\/div>\n\t\t<\/div>\n\t\t<div class=\"media-banner__item\">\n\t\t\t<div class=\"item-inner\">\n\t\t\t\t<p>Landbruget p\u00e5 de to godser omfatter 3100 ha<\/p>\n<p>\u2013 1700 ha er Wedellsborgs, 1400 ha ved Frijsenborg.<\/p>\n<p>Produktionsstruktureren er ens begge steder og ledes ligeledes under samme organisatoriske opbygning.<\/p>\n<p>I landbruget er boniteten varierende, og n\u00e6sten alle jordtyper er repr\u00e6senteret.<\/p>\n<p>P\u00e5 Wedellsborg er hovedparten middelsv\u00e6r til sv\u00e6r lerjord, mens der p\u00e5 Frijsenborg er let til middelsv\u00e6r lerjord.<\/p>\n\t\t\t<\/div>\n\t\t<\/div>\n\t\t\t\t\t<div class=\"media-banner__item media-banner__item--video\">\n\t\t\t\t<div class=\"media-banner__video\">\n\t\t\t\t\t<div class=\"media-banner__video-inner object-fit\">\n\t\t\t\t\t\t<img decoding=\"async\" src=\"https:\/\/wefri.dk.upd.mtra.in\/wp-content\/uploads\/2018\/06\/landbrug3.jpg\" alt=\"media-image\">\n\t\t\t\t\t<\/div>\n\t\t\t\t<\/div>\n\t\t\t<\/div>\n\t\t\t<\/div>\n<\/div>\n<\/div><\/div><\/div><\/div><div id=\"pg-1672-2\"  class=\"panel-grid panel-no-style\" ><div id=\"pgc-1672-2-0\"  class=\"panel-grid-cell\" ><div id=\"panel-1672-2-0-0\" class=\"so-panel widget widget_mtt-counter-banner panel-first-child panel-last-child\" data-index=\"2\" ><div\n\t\t\t\n\t\t\tclass=\"so-widget-mtt-counter-banner so-widget-mtt-counter-banner-base\"\n\t\t\t\n\t\t><div class=\"counter-banner\">\n\t<div class=\"counter-banner__background object-fit\">\n\t\t\t\t<img decoding=\"async\" src=\"https:\/\/wefri.dk.upd.mtra.in\/wp-content\/uploads\/2018\/06\/Mark2.jpg\" alt=\"\">\n\t<\/div>\n\t<div class=\"counter-banner__overlay\"><\/div>\n\t<div class=\"counter-banner__inner counter-is-empty\">\n\t\t<div class=\"counter-banner__content dark-bg\">\n\t\t\t\t\t\t\t\t<h2>Produktionen koncentrerer sig hovedsageligt om planteavl<\/h2>\n\t\t\t\t<p>Frijsenborgs og Wedellsborgs landbrugsproduktion best\u00e5r hovedsageligt af planteavl i form af korn, fr\u00f8 og raps.<\/p>\n<p>Landbruget omkredser og foreg\u00e5r p\u00e5 begge godser og besk\u00e6ftiger til dagligt 9 medarbejdere i alt.<\/p>\n\t\t\t\t<a href=\"https:\/\/wefri.dk.upd.mtra.in\/udforsk\/frijsenborg-herregaardskyllinger\/\" class=\"button button--green-solid button--margin-right\">Vi producerer ogs\u00e5 kyllinger<\/a>\n\t\t\t\t\t<\/div>\n\t\t\t<\/div>\n<\/div>\n<\/div><\/div><\/div><\/div><div id=\"pg-1672-3\"  class=\"panel-grid panel-no-style\" ><div id=\"pgc-1672-3-0\"  class=\"panel-grid-cell\" ><div id=\"panel-1672-3-0-0\" class=\"so-panel widget widget_mtt-media-banner panel-first-child\" data-index=\"3\" ><div\n\t\t\t\n\t\t\tclass=\"so-widget-mtt-media-banner so-widget-mtt-media-banner-base\"\n\t\t\t\n\t\t><div class=\"media-banner\">\n\t<div class=\"media-banner__inner\">\n\t\t<div class=\"media-banner__item\">\n\t\t\t<div class=\"item-inner\">\n\t\t\t\t\t\t\t\t\t\t<h3>Hegning Esk\u00f8r<\/h3>\n\t\t\t\t\t\t\t\t\t\t<a href=\"https:\/\/ec.europa.eu\/info\/funding-tenders\/find-funding\/eu-funding-programmes\/european-agricultural-fund-rural-development-eafrd_da\" class=\"button button--green\">L\u00e6s mere her<\/a>\n\t\t\t\t\t\t\t<\/div>\n\t\t<\/div>\n\t\t<div class=\"media-banner__item\">\n\t\t\t<div class=\"item-inner\">\n\t\t\t\t<p>Der er med tilskud fra tilskudsordning Natura 2000, under indsatsomr\u00e5de: Rydning og forberedelse til afgr\u00e6sning 2020. Der er i projekter opsat blandet andet hen elforsyning og vandforsyning for at muligg\u00f8re afgr\u00e6sning af arealer Esk\u00f8r. Form\u00e5let med afgr\u00e6sningen er at bidrage til at sikre eller forbedre bevaringsstatus for naturtyper og arter p\u00e5 de s\u00e6rlige udpegede arealer inden for Natura 2000-omr\u00e5det.<\/p>\n<p><img loading=\"lazy\" decoding=\"async\" class=\"alignnone size-medium wp-image-5219\" src=\"https:\/\/wefri.dk.upd.mtra.in\/wp-content\/uploads\/2022\/10\/landbrugsstyrelsen-300x79.png\" alt=\"\" width=\"300\" height=\"79\" srcset=\"https:\/\/wefri.dk.upd.mtra.in\/wp-content\/uploads\/2022\/10\/landbrugsstyrelsen-300x79.png 300w, https:\/\/wefri.dk.upd.mtra.in\/wp-content\/uploads\/2022\/10\/landbrugsstyrelsen.png 439w\" sizes=\"auto, (max-width: 300px) 100vw, 300px\" \/><\/p>\n<p><img loading=\"lazy\" decoding=\"async\" class=\"alignnone wp-image-5221\" src=\"https:\/\/wefri.dk.upd.mtra.in\/wp-content\/uploads\/2022\/10\/EU_fondt-e1664784612707.jpeg\" alt=\"\" width=\"152\" height=\"135\" \/> \u00a0\u00a0<img loading=\"lazy\" decoding=\"async\" class=\"alignnone wp-image-5223\" src=\"https:\/\/wefri.dk.upd.mtra.in\/wp-content\/uploads\/2022\/10\/csm_Final_LDP_2020_logo_ebac564436.jpeg\" alt=\"\" width=\"97\" height=\"131\" \/><\/p>\n\t\t\t<\/div>\n\t\t<\/div>\n\t\t\t\t\t<div class=\"media-banner__item media-banner__item--video\">\n\t\t\t\t<div class=\"media-banner__video\">\n\t\t\t\t\t<div class=\"media-banner__video-inner object-fit\">\n\t\t\t\t\t\t<img decoding=\"async\" src=\"https:\/\/wefri.dk.upd.mtra.in\/wp-content\/uploads\/2022\/10\/hegnslinje-crop.png\" alt=\"media-image\">\n\t\t\t\t\t<\/div>\n\t\t\t\t<\/div>\n\t\t\t<\/div>\n\t\t\t<\/div>\n<\/div>\n<\/div><\/div><div id=\"panel-1672-3-0-1\" class=\"so-panel widget widget_mtt-counter-banner panel-last-child\" data-index=\"4\" ><div\n\t\t\t\n\t\t\tclass=\"so-widget-mtt-counter-banner so-widget-mtt-counter-banner-base\"\n\t\t\t\n\t\t><div class=\"counter-banner\">\n\t<div class=\"counter-banner__background object-fit\">\n\t\t\t\t<img decoding=\"async\" src=\"https:\/\/wefri.dk.upd.mtra.in\/wp-content\/uploads\/2018\/06\/Mark2.jpg\" alt=\"\">\n\t<\/div>\n\t<div class=\"counter-banner__overlay\"><\/div>\n\t<div class=\"counter-banner__inner counter-is-empty\">\n\t\t<div class=\"counter-banner__content dark-bg\">\n\t\t\t\t\t\t\t\t<h2>Den Europ\u00e6iske Landbrugsfond for udvikling af Landdistrikterne: Danmark og Europa investerer i landdistikterne<\/h2>\n\t\t\t\t\t\t\t\t<a href=\"https:\/\/ec.europa.eu\/info\/funding-tenders\/find-funding\/eu-funding-programmes\/european-agricultural-fund-rural-development-eafrd_da\" class=\"button button--green-solid button--margin-right\">L\u00e6s mere her<\/a>\n\t\t\t\t\t<\/div>\n\t\t\t<\/div>\n<\/div>\n<\/div><\/div><\/div><\/div><div id=\"pg-1672-4\"  class=\"panel-grid panel-no-style\" ><div id=\"pgc-1672-4-0\"  class=\"panel-grid-cell\" ><div id=\"panel-1672-4-0-0\" class=\"so-panel widget widget_mtt-media-banner panel-first-child\" data-index=\"5\" ><div\n\t\t\t\n\t\t\tclass=\"so-widget-mtt-media-banner so-widget-mtt-media-banner-base\"\n\t\t\t\n\t\t><div class=\"media-banner\">\n\t<div class=\"media-banner__inner\">\n\t\t<div class=\"media-banner__item\">\n\t\t\t<div class=\"item-inner\">\n\t\t\t\t\t\t\t\t\t\t<h3>Rydning Fl\u00e6gen<\/h3>\n\t\t\t\t\t\t\t\t\t\t<a href=\"https:\/\/ec.europa.eu\/info\/funding-tenders\/find-funding\/eu-funding-programmes\/european-agricultural-fund-rural-development-eafrd_da\" class=\"button button--green\">L\u00e6s mere her<\/a>\n\t\t\t\t\t\t\t<\/div>\n\t\t<\/div>\n\t\t<div class=\"media-banner__item\">\n\t\t\t<div class=\"item-inner\">\n\t\t\t\t<p>Der er med tilskud fra tilskudsordning Natura 2000, under indsatsomr\u00e5de: Rydning og forberedelse til afgr\u00e6sning 2020. Der er i projekter opsat blandet andet hen elforsyning og vandforsyning for at muligg\u00f8re afgr\u00e6sning af arealer Esk\u00f8r. Form\u00e5let med afgr\u00e6sningen er at bidrage til at sikre eller forbedre bevaringsstatus for naturtyper og arter p\u00e5 de s\u00e6rlige udpegede arealer inden for Natura 2000-omr\u00e5det.<\/p>\n<p><img loading=\"lazy\" decoding=\"async\" class=\"alignnone size-medium wp-image-5219\" src=\"https:\/\/wefri.dk.upd.mtra.in\/wp-content\/uploads\/2022\/10\/landbrugsstyrelsen-300x79.png\" alt=\"\" width=\"300\" height=\"79\" srcset=\"https:\/\/wefri.dk.upd.mtra.in\/wp-content\/uploads\/2022\/10\/landbrugsstyrelsen-300x79.png 300w, https:\/\/wefri.dk.upd.mtra.in\/wp-content\/uploads\/2022\/10\/landbrugsstyrelsen.png 439w\" sizes=\"auto, (max-width: 300px) 100vw, 300px\" \/><\/p>\n<p><img loading=\"lazy\" decoding=\"async\" class=\"alignnone wp-image-5221\" src=\"https:\/\/wefri.dk.upd.mtra.in\/wp-content\/uploads\/2022\/10\/EU_fondt-e1664784612707.jpeg\" alt=\"\" width=\"152\" height=\"135\" \/> \u00a0\u00a0<img loading=\"lazy\" decoding=\"async\" class=\"alignnone wp-image-5223\" src=\"https:\/\/wefri.dk.upd.mtra.in\/wp-content\/uploads\/2022\/10\/csm_Final_LDP_2020_logo_ebac564436.jpeg\" alt=\"\" width=\"97\" height=\"131\" \/><\/p>\n\t\t\t<\/div>\n\t\t<\/div>\n\t\t\t\t\t<div class=\"media-banner__item media-banner__item--video\">\n\t\t\t\t<div class=\"media-banner__video\">\n\t\t\t\t\t<div class=\"media-banner__video-inner object-fit\">\n\t\t\t\t\t\t<img decoding=\"async\" src=\"https:\/\/wefri.dk.upd.mtra.in\/wp-content\/uploads\/2023\/01\/Flaegen-scaled.jpg\" alt=\"media-image\">\n\t\t\t\t\t<\/div>\n\t\t\t\t<\/div>\n\t\t\t<\/div>\n\t\t\t<\/div>\n<\/div>\n<\/div><\/div><div id=\"panel-1672-4-0-1\" class=\"so-panel widget widget_mtt-counter-banner panel-last-child\" data-index=\"6\" ><div\n\t\t\t\n\t\t\tclass=\"so-widget-mtt-counter-banner so-widget-mtt-counter-banner-base\"\n\t\t\t\n\t\t><div class=\"counter-banner\">\n\t<div class=\"counter-banner__background object-fit\">\n\t\t\t\t<img decoding=\"async\" src=\"https:\/\/wefri.dk.upd.mtra.in\/wp-content\/uploads\/2018\/06\/Mark2.jpg\" alt=\"\">\n\t<\/div>\n\t<div class=\"counter-banner__overlay\"><\/div>\n\t<div class=\"counter-banner__inner counter-is-empty\">\n\t\t<div class=\"counter-banner__content dark-bg\">\n\t\t\t\t\t\t\t\t<h2>Den Europ\u00e6iske Landbrugsfond for udvikling af Landdistrikterne: Danmark og Europa investerer i landdistikterne<\/h2>\n\t\t\t\t\t\t\t\t<a href=\"https:\/\/ec.europa.eu\/info\/funding-tenders\/find-funding\/eu-funding-programmes\/european-agricultural-fund-rural-development-eafrd_da\" class=\"button button--green-solid button--margin-right\">L\u00e6s mere her<\/a>\n\t\t\t\t\t<\/div>\n\t\t\t<\/div>\n<\/div>\n<\/div><\/div><\/div><\/div><div id=\"pg-1672-5\"  class=\"panel-grid panel-no-style\" ><div id=\"pgc-1672-5-0\"  class=\"panel-grid-cell\" ><div id=\"panel-1672-5-0-0\" class=\"so-panel widget panel-first-child panel-last-child\" data-index=\"7\" ><\/div><\/div><\/div><\/div>","protected":false},"excerpt":{"rendered":"<p>Landbrug Wedellsborg og Frijsenborg udg\u00f8r \u00e9n stor, moderne land- og skovbrugsvirksomhed med nyt\u00e6nkende og nutidige v\u00e6rdier. Frijsenborg Herreg\u00e5rdskyllinger Vores v\u00e6rdier 1400 HA Frijsenborg 1700 HA Wedellsborg 3100 HA Samlet landbrugsareal To slags landbrug med samme opbygning L\u00e6s om vores historie Landbruget p\u00e5 de to godser omfatter 3100 ha \u2013 1700 ha er Wedellsborgs, 1400 ha [&hellip;]<\/p>\n","protected":false},"author":1,"featured_media":0,"parent":1688,"menu_order":0,"comment_status":"closed","ping_status":"closed","template":"","meta":{"_acf_changed":false,"inline_featured_image":false,"footnotes":""},"class_list":["post-1672","page","type-page","status-publish","hentry"],"acf":[],"yoast_head":"<!-- This site is optimized with the Yoast SEO plugin v27.3 - https:\/\/yoast.com\/product\/yoast-seo-wordpress\/ -->\n<title>Agriculture - Wedellsborg<\/title>\n<meta name=\"robots\" content=\"index, follow, max-snippet:-1, max-image-preview:large, max-video-preview:-1\" \/>\n<link rel=\"canonical\" href=\"https:\/\/wefri.dk\/en\/explore\/agriculture\/\" \/>\n<meta property=\"og:locale\" content=\"en_US\" \/>\n<meta property=\"og:type\" content=\"article\" \/>\n<meta property=\"og:title\" content=\"Agriculture - Wedellsborg\" \/>\n<meta property=\"og:description\" content=\"Landbrug Wedellsborg og Frijsenborg udg\u00f8r \u00e9n stor, moderne land- og skovbrugsvirksomhed med nyt\u00e6nkende og nutidige v\u00e6rdier. Frijsenborg Herreg\u00e5rdskyllinger Vores v\u00e6rdier 1400 HA Frijsenborg 1700 HA Wedellsborg 3100 HA Samlet landbrugsareal To slags landbrug med samme opbygning L\u00e6s om vores historie Landbruget p\u00e5 de to godser omfatter 3100 ha \u2013 1700 ha er Wedellsborgs, 1400 ha [&hellip;]\" \/>\n<meta property=\"og:url\" content=\"https:\/\/wefri.dk\/en\/explore\/agriculture\/\" \/>\n<meta property=\"og:site_name\" content=\"Wedellsborg\" \/>\n<meta property=\"article:modified_time\" content=\"2024-08-26T06:38:47+00:00\" \/>\n<meta name=\"twitter:card\" content=\"summary_large_image\" \/>\n<script type=\"application\/ld+json\" class=\"yoast-schema-graph\">{\"@context\":\"https:\\\/\\\/schema.org\",\"@graph\":[{\"@type\":\"WebPage\",\"@id\":\"https:\\\/\\\/wefri.dk\\\/en\\\/explore\\\/agriculture\\\/\",\"url\":\"https:\\\/\\\/wefri.dk\\\/en\\\/explore\\\/agriculture\\\/\",\"name\":\"Agriculture - Wedellsborg\",\"isPartOf\":{\"@id\":\"https:\\\/\\\/wefri.dk\\\/#website\"},\"datePublished\":\"2017-07-03T11:47:26+00:00\",\"dateModified\":\"2024-08-26T06:38:47+00:00\",\"breadcrumb\":{\"@id\":\"https:\\\/\\\/wefri.dk\\\/en\\\/explore\\\/agriculture\\\/#breadcrumb\"},\"inLanguage\":\"en-US\",\"potentialAction\":[{\"@type\":\"ReadAction\",\"target\":[\"https:\\\/\\\/wefri.dk\\\/en\\\/explore\\\/agriculture\\\/\"]}]},{\"@type\":\"BreadcrumbList\",\"@id\":\"https:\\\/\\\/wefri.dk\\\/en\\\/explore\\\/agriculture\\\/#breadcrumb\",\"itemListElement\":[{\"@type\":\"ListItem\",\"position\":1,\"name\":\"Home\",\"item\":\"https:\\\/\\\/wefri.dk\\\/en\\\/\"},{\"@type\":\"ListItem\",\"position\":2,\"name\":\"Explore\",\"item\":\"https:\\\/\\\/wefri.dk\\\/en\\\/explore\\\/\"},{\"@type\":\"ListItem\",\"position\":3,\"name\":\"Agriculture\"}]},{\"@type\":\"WebSite\",\"@id\":\"https:\\\/\\\/wefri.dk\\\/#website\",\"url\":\"https:\\\/\\\/wefri.dk\\\/\",\"name\":\"Wedellsborg\",\"description\":\"Endnu en WordPress-blog\",\"potentialAction\":[{\"@type\":\"SearchAction\",\"target\":{\"@type\":\"EntryPoint\",\"urlTemplate\":\"https:\\\/\\\/wefri.dk\\\/?s={search_term_string}\"},\"query-input\":{\"@type\":\"PropertyValueSpecification\",\"valueRequired\":true,\"valueName\":\"search_term_string\"}}],\"inLanguage\":\"en-US\"}]}<\/script>\n<!-- \/ Yoast SEO plugin. -->","yoast_head_json":{"title":"Agriculture - Wedellsborg","robots":{"index":"index","follow":"follow","max-snippet":"max-snippet:-1","max-image-preview":"max-image-preview:large","max-video-preview":"max-video-preview:-1"},"canonical":"https:\/\/wefri.dk\/en\/explore\/agriculture\/","og_locale":"en_US","og_type":"article","og_title":"Agriculture - Wedellsborg","og_description":"Landbrug Wedellsborg og Frijsenborg udg\u00f8r \u00e9n stor, moderne land- og skovbrugsvirksomhed med nyt\u00e6nkende og nutidige v\u00e6rdier. Frijsenborg Herreg\u00e5rdskyllinger Vores v\u00e6rdier 1400 HA Frijsenborg 1700 HA Wedellsborg 3100 HA Samlet landbrugsareal To slags landbrug med samme opbygning L\u00e6s om vores historie Landbruget p\u00e5 de to godser omfatter 3100 ha \u2013 1700 ha er Wedellsborgs, 1400 ha [&hellip;]","og_url":"https:\/\/wefri.dk\/en\/explore\/agriculture\/","og_site_name":"Wedellsborg","article_modified_time":"2024-08-26T06:38:47+00:00","twitter_card":"summary_large_image","schema":{"@context":"https:\/\/schema.org","@graph":[{"@type":"WebPage","@id":"https:\/\/wefri.dk\/en\/explore\/agriculture\/","url":"https:\/\/wefri.dk\/en\/explore\/agriculture\/","name":"Agriculture - Wedellsborg","isPartOf":{"@id":"https:\/\/wefri.dk\/#website"},"datePublished":"2017-07-03T11:47:26+00:00","dateModified":"2024-08-26T06:38:47+00:00","breadcrumb":{"@id":"https:\/\/wefri.dk\/en\/explore\/agriculture\/#breadcrumb"},"inLanguage":"en-US","potentialAction":[{"@type":"ReadAction","target":["https:\/\/wefri.dk\/en\/explore\/agriculture\/"]}]},{"@type":"BreadcrumbList","@id":"https:\/\/wefri.dk\/en\/explore\/agriculture\/#breadcrumb","itemListElement":[{"@type":"ListItem","position":1,"name":"Home","item":"https:\/\/wefri.dk\/en\/"},{"@type":"ListItem","position":2,"name":"Explore","item":"https:\/\/wefri.dk\/en\/explore\/"},{"@type":"ListItem","position":3,"name":"Agriculture"}]},{"@type":"WebSite","@id":"https:\/\/wefri.dk\/#website","url":"https:\/\/wefri.dk\/","name":"Wedellsborg","description":"Endnu en WordPress-blog","potentialAction":[{"@type":"SearchAction","target":{"@type":"EntryPoint","urlTemplate":"https:\/\/wefri.dk\/?s={search_term_string}"},"query-input":{"@type":"PropertyValueSpecification","valueRequired":true,"valueName":"search_term_string"}}],"inLanguage":"en-US"}]}},"_links":{"self":[{"href":"https:\/\/wefri.dk.upd.mtra.in\/en\/wp-json\/wp\/v2\/pages\/1672","targetHints":{"allow":["GET"]}}],"collection":[{"href":"https:\/\/wefri.dk.upd.mtra.in\/en\/wp-json\/wp\/v2\/pages"}],"about":[{"href":"https:\/\/wefri.dk.upd.mtra.in\/en\/wp-json\/wp\/v2\/types\/page"}],"author":[{"embeddable":true,"href":"https:\/\/wefri.dk.upd.mtra.in\/en\/wp-json\/wp\/v2\/users\/1"}],"replies":[{"embeddable":true,"href":"https:\/\/wefri.dk.upd.mtra.in\/en\/wp-json\/wp\/v2\/comments?post=1672"}],"version-history":[{"count":79,"href":"https:\/\/wefri.dk.upd.mtra.in\/en\/wp-json\/wp\/v2\/pages\/1672\/revisions"}],"predecessor-version":[{"id":5701,"href":"https:\/\/wefri.dk.upd.mtra.in\/en\/wp-json\/wp\/v2\/pages\/1672\/revisions\/5701"}],"up":[{"embeddable":true,"href":"https:\/\/wefri.dk.upd.mtra.in\/en\/wp-json\/wp\/v2\/pages\/1688"}],"wp:attachment":[{"href":"https:\/\/wefri.dk.upd.mtra.in\/en\/wp-json\/wp\/v2\/media?parent=1672"}],"curies":[{"name":"wp","href":"https:\/\/api.w.org\/{rel}","templated":true}]}}